{"id":14,"date":"2023-05-13T09:33:06","date_gmt":"2023-05-13T07:33:06","guid":{"rendered":"https:\/\/lejardindemichel.fr\/?page_id=14"},"modified":"2023-11-05T16:09:56","modified_gmt":"2023-11-05T15:09:56","slug":"presentation","status":"publish","type":"page","link":"https:\/\/lejardindemichel.fr\/","title":{"rendered":"Pr\u00e9sentation"},"content":{"rendered":"\n<p>Bonjour,<\/p>\n\n\n\n<p>Je suis un fils de petit paysan et j&#8217;ai fait toute ma carri\u00e8re professionnelle dans le secteur des t\u00e9l\u00e9communications. Je suis donc pass\u00e9 du monde de la terre au monde de l&#8217;entreprise. Cette transition n&#8217;a pas toujours \u00e9t\u00e9 facile, notamment pour ce qui concerne l&#8217;int\u00e9gration des codes de l&#8217;entreprise, tr\u00e8s diff\u00e9rents du monde paysan.<\/p>\n\n\n\n<p>Cependant, l&#8217;esprit de la terre ne m&#8217;a jamais quitt\u00e9. Je me suis souvent inspir\u00e9 de la terre pour mener \u00e0 bien mes projets dans l&#8217;entreprise. Ainsi j&#8217;utilisais le vocabulaire de la terre dans le cadre de mes activit\u00e9s. J&#8217;aimais rappeler qu&#8217;il fallait labourer, affiner, enrichir, semer, nettoyer,&#8230;&#8230; pour obtenir enfin de belles r\u00e9coltes, donc de bons r\u00e9sultats.<\/p>\n\n\n\n<p>Sur le plan familial, l&#8217;esprit de la terre ne m&#8217;a pas davantage quitt\u00e9. J&#8217;ai \u00e9t\u00e9 amen\u00e9 travailler dans plusieurs r\u00e9gions : le Nord, la r\u00e9gion parisienne et l&#8217;Alsace. A chaque reprise je me suis implant\u00e9 dans de petites villes, avec maison et jardin. A chaque fois, je m&#8217;effor\u00e7ais de r\u00e9server quelques m2 pour travailler la terre, l&#8217;enrichir, semer, voir grandir quelques l\u00e9gumes, les r\u00e9colter et bien s\u00fbr les d\u00e9guster.<\/p>\n\n\n\n<p>Depuis quelques ann\u00e9es, \u00e0 l&#8217;approche de la retraite, j&#8217;ai d\u00e9cid\u00e9 d&#8217;accro\u00eetre ma surface cultiv\u00e9e. J&#8217;ai eu la possibilit\u00e9 de louer une parcelle de 200 m2 aupr\u00e8s d&#8217;une association de la commune g\u00e9rant une vingtaine de jardins. Cela me rappelle les jardins ouvriers de mon enfance, les jardiniers participaient \u00e0 un concours annuel o\u00f9 ils exposaient leurs plus beau l\u00e9gumes. Ils \u00e9taient r\u00e9compens\u00e9s par des semences et plants pour l&#8217;ann\u00e9e suivante.<\/p>\n\n\n\n<p>Dans le m\u00eame temps, j&#8217;avais lu un article de <mark style=\"background-color:rgba(0, 0, 0, 0)\" class=\"has-inline-color has-theme-palette-3-color\"><em><a href=\"https:\/\/www.bing.com\/search?q=gerard+mulliez&amp;cvid=88f860f87c174f1babdfabc474683767&amp;gs_lcrp=EgZjaHJvbWUqBggAEAAYQDIGCAAQABhAMgYIARAAGEAyBggCEAAYQDIGCAMQABhA0gEKNzg5N2owajEwMagCALACAA&amp;FORM=ANWSB4&amp;PC=ASTS\">G\u00e9rard MULLIEZ<\/a><\/em><\/mark>, patron du groupe <a href=\"https:\/\/www.auchan.fr\/\" data-type=\"URL\" data-id=\"https:\/\/www.auchan.fr\/\">Auchan<\/a>, qui estimait qu&#8217;un jardinier pouvait produire pour un montant de 50.000\u20ac sur une parcelle de 10.000 m2. Cela me donna l&#8217;id\u00e9e d&#8217;enregistrer et valoriser toutes mes r\u00e9coltes, fruits et l\u00e9gumes, afin de me situer par rapport \u00e0 cet objectif, en progressant chaque ann\u00e9e.<\/p>\n\n\n\n<p>Au bout de 3 ann\u00e9es d&#8217;exercice, je me situais d\u00e9j\u00e0 \u00e0 cet objectif, proportionnellement \u00e0 ma surface cultiv\u00e9e, soit 1000 \u20ac \/ an.<\/p>\n\n\n\n<p>L&#8217;objectif de ce site est donc de partager mon humble exp\u00e9rience avec tous ceux que cette d\u00e9marche int\u00e9resse, de mani\u00e8re \u00e0 concr\u00e9tiser ce que l&#8217;on appelle le d\u00e9veloppement durable, l&#8217;\u00e9conomie circulaire, la permaculture, la culture bio, &#8230;.., avec, in fine, la satisfaction de faire du sport en jardinant, de prendre de bons bols d&#8217;air, ainsi que des bains de soleil et de manger des fruits et l\u00e9gumes sains.<\/p>\n\n\n\n<p>Je suis constamment en phase d&#8217;apprentissage, c&#8217;est pourquoi toutes les interrogations et commentaires me feront progresser, et j&#8217;esp\u00e8re ainsi pouvoir les partager.<\/p>\n\n\n\n<p>Bonne d\u00e9couverte \u00e0 toutes et \u00e0 tous !<\/p>\n\n\n\n<figure class=\"wp-block-image size-full\"><img decoding=\"async\" loading=\"lazy\" width=\"344\" height=\"234\" src=\"https:\/\/lejardindemichel.fr\/wp-content\/uploads\/2023\/05\/WESTCAPPEL-1.jpg\" alt=\"\" class=\"wp-image-21\" srcset=\"https:\/\/lejardindemichel.fr\/wp-content\/uploads\/2023\/05\/WESTCAPPEL-1.jpg 344w, https:\/\/lejardindemichel.fr\/wp-content\/uploads\/2023\/05\/WESTCAPPEL-1-300x204.jpg 300w\" sizes=\"(max-width: 344px) 100vw, 344px\" \/><\/figure>\n","protected":false},"excerpt":{"rendered":"<p>Bonjour, Je suis un fils de petit paysan et j&#8217;ai fait toute ma carri\u00e8re professionnelle dans le secteur des t\u00e9l\u00e9communications. Je suis donc pass\u00e9 du monde de la terre au monde de l&#8217;entreprise. Cette transition n&#8217;a pas toujours \u00e9t\u00e9 facile, notamment pour ce qui concerne l&#8217;int\u00e9gration des codes de l&#8217;entreprise, tr\u00e8s diff\u00e9rents du monde paysan&#8230;.<\/p>\n","protected":false},"author":1,"featured_media":20,"parent":0,"menu_order":0,"comment_status":"closed","ping_status":"closed","template":"","meta":{"_kad_post_transparent":"","_kad_post_title":"","_kad_post_layout":"normal","_kad_post_sidebar_id":"","_kad_post_content_style":"","_kad_post_vertical_padding":"","_kad_post_feature":"","_kad_post_feature_position":"","_kad_post_header":false,"_kad_post_footer":false},"_links":{"self":[{"href":"https:\/\/lejardindemichel.fr\/index.php?rest_route=\/wp\/v2\/pages\/14"}],"collection":[{"href":"https:\/\/lejardindemichel.fr\/index.php?rest_route=\/wp\/v2\/pages"}],"about":[{"href":"https:\/\/lejardindemichel.fr\/index.php?rest_route=\/wp\/v2\/types\/page"}],"author":[{"embeddable":true,"href":"https:\/\/lejardindemichel.fr\/index.php?rest_route=\/wp\/v2\/users\/1"}],"replies":[{"embeddable":true,"href":"https:\/\/lejardindemichel.fr\/index.php?rest_route=%2Fwp%2Fv2%2Fcomments&post=14"}],"version-history":[{"count":7,"href":"https:\/\/lejardindemichel.fr\/index.php?rest_route=\/wp\/v2\/pages\/14\/revisions"}],"predecessor-version":[{"id":121,"href":"https:\/\/lejardindemichel.fr\/index.php?rest_route=\/wp\/v2\/pages\/14\/revisions\/121"}],"wp:featuredmedia":[{"embeddable":true,"href":"https:\/\/lejardindemichel.fr\/index.php?rest_route=\/wp\/v2\/media\/20"}],"wp:attachment":[{"href":"https:\/\/lejardindemichel.fr\/index.php?rest_route=%2Fwp%2Fv2%2Fmedia&parent=14"}],"curies":[{"name":"wp","href":"https:\/\/api.w.org\/{rel}","templated":true}]}}